{"id":10635,"date":"2021-07-19T18:30:31","date_gmt":"2021-07-19T18:30:31","guid":{"rendered":"https:\/\/store.myhelpdeskagent.com\/index.php\/product\/crucial-32gb-kit-16gbx2-ddr4-2666-mt-s-pc4-21300-dr-x8-sodimm-260-pin-memory-ct2k16g4sfd8266-with-crucial-p2-1tb-3d-nand-nvme-pcie-m-2-ssd-up-to-2400mb-s-ct1000p2ssd8\/"},"modified":"2023-04-10T11:35:52","modified_gmt":"2023-04-10T11:35:52","slug":"crucial-32gb-kit-16gbx2-ddr4-2666-mt-s-pc4-21300-dr-x8-sodimm-260-pin-memory-ct2k16g4sfd8266-with-crucial-p2-1tb-3d-nand-nvme-pcie-m-2-ssd-up-to-2400mb-s-ct1000p2ssd8","status":"publish","type":"product","link":"https:\/\/store.myhelpdeskagent.com\/index.php\/product\/crucial-32gb-kit-16gbx2-ddr4-2666-mt-s-pc4-21300-dr-x8-sodimm-260-pin-memory-ct2k16g4sfd8266-with-crucial-p2-1tb-3d-nand-nvme-pcie-m-2-ssd-up-to-2400mb-s-ct1000p2ssd8\/","title":{"rendered":"Crucial 32GB Kit (16GBx2) DDR4 2666 MT\/s (PC4-21300) DR x8 SODIMM 260-Pin Memory &#8211; CT2K16G4SFD8266 with Crucial P2 1TB\u2026"},"content":{"rendered":"<div class=\"disclaim\">Capacity:<strong>32GB Kit + 1TB Internal SSD<\/strong>&nbsp;|&nbsp;Style:<strong>32GB Kit + 1TB Internal SSD<\/strong>&nbsp;|&nbsp;Pattern Name:<strong>Memory<\/strong><\/div>\n<p><!-- show up to 2 reviews by default --><\/p>\n<p>Es entspricht dem Industriestandard DDR4 SODIMM Layout von 260 Pins und ist kompatibel mit Systemen, die DDR4 2400MT\/s SODIMM Speicher nehmen. CT16G4SFD824A ist ein 16 GB DDR4-Notebook-Modul, das mit Geschwindigkeiten von bis zu 2400 MT\/s arbeitet und eine CL17-Latenz hat. Es ist ein gepuffertes SODIMM.<\/p>\n<p>\u05d4\u05d5\u05d0 \u05ea\u05d5\u05d0\u05dd \u05d0\u05ea \u05e4\u05e8\u05d9\u05e1\u05ea DDR4 SODIMM \u05d4\u05e1\u05d8\u05e0\u05d3\u05e8\u05d8\u05d9\u05ea \u05d1\u05ea\u05e2\u05e9\u05d9\u05d9\u05d4 \u05e9\u05dc 260 \u05e4\u05d9\u05e0\u05d9\u05dd \u05d5\u05d4\u05d5\u05d0 \u05ea\u05d5\u05d0\u05dd \u05dc\u05de\u05e2\u05e8\u05db\u05d5\u05ea \u05e9\u05dc\u05d5\u05e7\u05d7\u05d5\u05ea \u05d6\u05d9\u05db\u05e8\u05d5\u05df SODIMM DDR4 2400MT\/s. CT16G4SFD824A \u05d4\u05d5\u05d0 \u05de\u05d5\u05d3\u05d5\u05dc \u05de\u05d7\u05e9\u05d1 \u05e0\u05d9\u05d9\u05d3 16GB DDR4 \u05d4\u05e4\u05d5\u05e2\u05dc \u05d1\u05de\u05d4\u05d9\u05e8\u05d5\u05d9\u05d5\u05ea \u05e9\u05dc \u05e2\u05d3 2400 MT\/s \u05d5\u05d9\u05e9 \u05dc\u05d5 \u05d4\u05e9\u05d4\u05d9\u05d4 CL17. \u05d6\u05d4\u05d5 SODIMM.<\/p>\n<p>\u064a\u062a\u0648\u0627\u0641\u0642 \u0645\u0639 \u062a\u0635\u0645\u064a\u0645 DDR4 SODIMM \u0627\u0644\u0642\u064a\u0627\u0633\u064a \u0627\u0644\u0635\u0646\u0627\u0639\u064a \u0627\u0644\u0630\u064a \u064a\u062d\u062a\u0648\u064a \u0639\u0644\u0649 260 \u062f\u0628\u0648\u0633 \u0648\u064a\u062a\u0648\u0627\u0641\u0642 \u0645\u0639 \u0627\u0644\u0623\u0646\u0638\u0645\u0629 \u0627\u0644\u062a\u064a \u062a\u0623\u062e\u0630 \u0630\u0627\u0643\u0631\u0629 DDR4 2400MT\/s SODIMM CT16G4SFD824A \u0647\u064a \u0648\u062d\u062f\u0629 \u0646\u0648\u062a \u0628\u0648\u0643 DDR4 \u0633\u0639\u0629 16 \u062c\u064a\u062c\u0627\u0628\u0627\u064a\u062a \u062a\u0639\u0645\u0644 \u0628\u0633\u0631\u0639\u0627\u062a \u062a\u0635\u0644 \u0625\u0644\u0649 2400 MT\/s \u0648\u0644\u0647\u0627 \u0648\u0642\u062a \u0627\u0633\u062a\u062c\u0627\u0628\u0629 CL17. \u0625\u0646\u0647 \u0633\u0648\u062f\u064a\u0645 \u0645\u062e\u0632\u0646 \u0645\u0624\u0642\u062a.<\/p>\n<p>Em conformidade com o layout DDR4 SODIMM padr\u00e3o da ind\u00fastria de 260 pinos e \u00e9 compat\u00edvel com sistemas que usam mem\u00f3ria DDR4 2400MT\/s SODIMM. CT16G4SFD824A \u00e9 um m\u00f3dulo de notebook DDR4 de 16 GB que funciona a velocidades de at\u00e9 2400 MT\/s e tem uma lat\u00eancia CL17. \u00c9 um SODIMM.<\/p>\n<p>\u5b83\u7b26\u5408\u884c\u4e1a\u6807\u51c6 DDR4 SODIMM \u5e03\u5c40 260 \u9488,\u5e76\u4e0e\u4f7f\u7528 DDR4 2400MT\/s SODIMM \u5185\u5b58\u7684\u7cfb\u7edf\u517c\u5bb9\u3002 CT16G4SFD824A \u662f\u4e00\u6b3e 16GB DDR4 \u7b14\u8bb0\u672c\u7535\u8111\u6a21\u5757,\u8fd0\u884c\u901f\u5ea6\u9ad8\u8fbe 2400 MT\/s ,\u5ef6\u8fdf\u4e3a CL17\u3002 \u8fd9\u662f\u4e00\u4e2a\u7f13\u51b2 SODIMM\u3002<\/p>\n<p>260\ud540\uc758 \uc5c5\uacc4 \ud45c\uc900 DDR4 SODIMM \ub808\uc774\uc544\uc6c3\uc744 \uc900\uc218\ud558\uba70 DDR4 2400MT\/s SODIMM \uba54\ubaa8\ub9ac\ub97c \uc0ac\uc6a9\ud558\ub294 \uc2dc\uc2a4\ud15c\uacfc \ud638\ud658\ub429\ub2c8\ub2e4. CT16G4SFD824A\ub294 16GB DDR4 \ub178\ud2b8\ubd81 \ubaa8\ub4c8\ub85c \ucd5c\ub300 2400 MT\/s\uc758 \uc18d\ub3c4\ub85c \uc791\ub3d9\ud558\uba70 CL17 \ub300\uae30 \uc2dc\uac04\uc744 \uc81c\uacf5\ud569\ub2c8\ub2e4. \ubc84\ud37c\ub4dc SODIMM\uc785\ub2c8\ub2e4.<\/p>\n<p>Make sure this fitsby entering your model number.<br \/>\nSpeeds up to 3200 MT\/s and faster data rates are expected to be available as DDR4 technology matures<br \/>\nIncrease bandwidth by up to 30%<br \/>\nReduce power consumption by up to 40% and extend battery life<br \/>\nCapacity: Up to 2TB with sequential reads\/writes up to 2400MB\/s\/1900MB\/s<br \/>\nNVMe PCIe interface, marking the next step in storage innovation<br \/>\nIncludes SSD management software for performance optimization, data security, and firmware updates<br \/>\n<div class=\"main-cross-sell\" data-asin=\"B08TVNMD4T\">\n\n\t<div class=\"WooZone-cross-sell-loader\">\n\t\t<div>\n\t\t\t<div id=\"floatingBarsG\">\n\t\t\t\t<div class=\"blockG\" id=\"rotateG_01\"><\/div>\n\t\t\t\t<div class=\"blockG\" id=\"rotateG_02\"><\/div>\n\t\t\t\t<div class=\"blockG\" id=\"rotateG_03\"><\/div>\n\t\t\t\t<div class=\"blockG\" id=\"rotateG_04\"><\/div>\n\t\t\t\t<div class=\"blockG\" id=\"rotateG_05\"><\/div>\n\t\t\t\t<div class=\"blockG\" id=\"rotateG_06\"><\/div>\n\t\t\t\t<div class=\"blockG\" id=\"rotateG_07\"><\/div>\n\t\t\t\t<div class=\"blockG\" id=\"rotateG_08\"><\/div>\n\t\t\t<\/div>\n\t\t\t<div class=\"WooZone-cross-sell-loader-text\"><\/div>\n\t\t<\/div>\n\t<\/div>\n\n\t\t\n<\/div>\n<div style=\"clear:both;\"><\/div>\n","protected":false},"excerpt":{"rendered":"<p>Make sure this fitsby entering your model number.<br \/>\nSpeeds up to 3200 MT\/s and faster data rates are expected to be available as DDR4 technology matures<br \/>\nIncrease bandwidth by up to 30%<\/p>\n","protected":false},"featured_media":10636,"comment_status":"open","ping_status":"closed","template":"","meta":[],"product_cat":[2239,2238,2108],"product_tag":[],"class_list":["post-10635","product","type-product","status-publish","has-post-thumbnail","hentry","product_cat-crucial","product_cat-m2-ssd-drives","product_cat-peripherals","pa_brand-visit-the-crucial-store","pa_ram-32-gb-ddr4_sdram"],"_links":{"self":[{"href":"https:\/\/store.myhelpdeskagent.com\/index.php\/wp-json\/wp\/v2\/product\/10635","targetHints":{"allow":["GET"]}}],"collection":[{"href":"https:\/\/store.myhelpdeskagent.com\/index.php\/wp-json\/wp\/v2\/product"}],"about":[{"href":"https:\/\/store.myhelpdeskagent.com\/index.php\/wp-json\/wp\/v2\/types\/product"}],"replies":[{"embeddable":true,"href":"https:\/\/store.myhelpdeskagent.com\/index.php\/wp-json\/wp\/v2\/comments?post=10635"}],"wp:featuredmedia":[{"embeddable":true,"href":"https:\/\/store.myhelpdeskagent.com\/index.php\/wp-json\/wp\/v2\/media\/10636"}],"wp:attachment":[{"href":"https:\/\/store.myhelpdeskagent.com\/index.php\/wp-json\/wp\/v2\/media?parent=10635"}],"wp:term":[{"taxonomy":"product_cat","embeddable":true,"href":"https:\/\/store.myhelpdeskagent.com\/index.php\/wp-json\/wp\/v2\/product_cat?post=10635"},{"taxonomy":"product_tag","embeddable":true,"href":"https:\/\/store.myhelpdeskagent.com\/index.php\/wp-json\/wp\/v2\/product_tag?post=10635"}],"curies":[{"name":"wp","href":"https:\/\/api.w.org\/{rel}","templated":true}]}}